{"id":178,"date":"2021-05-20T09:22:29","date_gmt":"2021-05-20T12:22:29","guid":{"rendered":"https:\/\/www.suportservrh.com.br\/?page_id=178"},"modified":"2025-07-06T19:35:03","modified_gmt":"2025-07-06T22:35:03","slug":"contato","status":"publish","type":"page","link":"https:\/\/www.suportservrh.com.br\/?page_id=178","title":{"rendered":"Contato"},"content":{"rendered":"\t\t<div data-elementor-type=\"wp-page\" data-elementor-id=\"178\" class=\"elementor elementor-178\">\n\t\t\t\t\t\t\t\t\t<section class=\"elementor-section elementor-top-section elementor-element elementor-element-8faef5e elementor-section-stretched elementor-section-height-min-height elementor-section-boxed elementor-section-height-default elementor-section-items-middle\" data-id=\"8faef5e\" data-element_type=\"section\" data-settings=\"{&quot;stretch_section&quot;:&quot;section-stretched&quot;,&quot;background_background&quot;:&quot;classic&quot;,&quot;shape_divider_top&quot;:&quot;arrow&quot;}\">\n\t\t\t\t\t\t\t<div class=\"elementor-background-overlay\"><\/div>\n\t\t\t\t\t\t<div class=\"elementor-shape elementor-shape-top\" data-negative=\"false\">\n\t\t\t<svg xmlns=\"http:\/\/www.w3.org\/2000\/svg\" viewBox=\"0 0 700 10\" preserveAspectRatio=\"none\">\n\t<path class=\"elementor-shape-fill\" d=\"M350,10L340,0h20L350,10z\"\/>\n<\/svg>\t\t<\/div>\n\t\t\t\t\t<div class=\"elementor-container elementor-column-gap-default\">\n\t\t\t\t\t<div class=\"elementor-column elementor-col-100 elementor-top-column elementor-element elementor-element-d8d430c\" data-id=\"d8d430c\" data-element_type=\"column\">\n\t\t\t<div class=\"elementor-widget-wrap elementor-element-populated\">\n\t\t\t\t\t\t\t\t<div class=\"elementor-element elementor-element-a9aab43 elementor-invisible elementor-widget elementor-widget-text-editor\" data-id=\"a9aab43\" data-element_type=\"widget\" data-settings=\"{&quot;_animation&quot;:&quot;fadeIn&quot;}\" data-widget_type=\"text-editor.default\">\n\t\t\t\t<div class=\"elementor-widget-container\">\n\t\t\t\t\t\t\t<p data-start=\"129\" data-end=\"244\">Se voc\u00ea est\u00e1 em busca de uma oportunidade de trabalho ou precisa contratar com agilidade e qualidade, fale conosco!<\/p><p data-start=\"246\" data-end=\"362\">Atendemos candidatos com aten\u00e7\u00e3o e respeito, e oferecemos \u00e0s empresas solu\u00e7\u00f5es eficientes em Recrutamento e Sele\u00e7\u00e3o.<\/p><p>\u00a0<\/p><p data-start=\"364\" data-end=\"479\">Preencha o formul\u00e1rio ou nos chame pelos canais abaixo.<br data-start=\"419\" data-end=\"422\" \/>Estamos prontos para ajudar voc\u00ea a alcan\u00e7ar seu objetivo!<\/p>\t\t\t\t\t\t<\/div>\n\t\t\t\t<\/div>\n\t\t\t\t\t<\/div>\n\t\t<\/div>\n\t\t\t\t\t\t\t<\/div>\n\t\t<\/section>\n\t\t\t\t<section class=\"elementor-section elementor-top-section elementor-element elementor-element-ca178b5 elementor-section-boxed elementor-section-height-default elementor-section-height-default\" data-id=\"ca178b5\" data-element_type=\"section\">\n\t\t\t\t\t\t<div class=\"elementor-container elementor-column-gap-default\">\n\t\t\t\t\t<div class=\"elementor-column elementor-col-100 elementor-top-column elementor-element elementor-element-11910d4\" data-id=\"11910d4\" data-element_type=\"column\">\n\t\t\t<div class=\"elementor-widget-wrap elementor-element-populated\">\n\t\t\t\t\t\t\t\t<div class=\"elementor-element elementor-element-6b92bd6 elementor-widget elementor-widget-heading\" data-id=\"6b92bd6\" data-element_type=\"widget\" data-widget_type=\"heading.default\">\n\t\t\t\t<div class=\"elementor-widget-container\">\n\t\t\t<h2 class=\"elementor-heading-title elementor-size-default\">Entre em contato<\/h2>\t\t<\/div>\n\t\t\t\t<\/div>\n\t\t\t\t\t<\/div>\n\t\t<\/div>\n\t\t\t\t\t\t\t<\/div>\n\t\t<\/section>\n\t\t\t\t<section class=\"elementor-section elementor-top-section elementor-element elementor-element-eb6dc2b elementor-section-boxed elementor-section-height-default elementor-section-height-default\" data-id=\"eb6dc2b\" data-element_type=\"section\">\n\t\t\t\t\t\t<div class=\"elementor-container elementor-column-gap-default\">\n\t\t\t\t\t<div class=\"elementor-column elementor-col-33 elementor-top-column elementor-element elementor-element-b63db4a\" data-id=\"b63db4a\" data-element_type=\"column\">\n\t\t\t<div class=\"elementor-widget-wrap\">\n\t\t\t\t\t\t\t\t\t<\/div>\n\t\t<\/div>\n\t\t\t\t<div class=\"elementor-column elementor-col-33 elementor-top-column elementor-element elementor-element-76e7138\" data-id=\"76e7138\" data-element_type=\"column\">\n\t\t\t<div class=\"elementor-widget-wrap elementor-element-populated\">\n\t\t\t\t\t\t\t\t<div class=\"elementor-element elementor-element-5643510 elementor-widget elementor-widget-shortcode\" data-id=\"5643510\" data-element_type=\"widget\" data-widget_type=\"shortcode.default\">\n\t\t\t\t<div class=\"elementor-widget-container\">\n\t\t\t\t\t<div class=\"elementor-shortcode\"><div role=\"form\" class=\"wpcf7\" id=\"wpcf7-f572-o1\" lang=\"pt-BR\" dir=\"ltr\">\n<div class=\"screen-reader-response\"><p role=\"status\" aria-live=\"polite\" aria-atomic=\"true\"><\/p> <ul><\/ul><\/div>\n<form action=\"\/index.php?rest_route=%2Fwp%2Fv2%2Fpages%2F178#wpcf7-f572-o1\" method=\"post\" class=\"wpcf7-form init\" novalidate=\"novalidate\" data-status=\"init\">\n<div style=\"display: none;\">\n<input type=\"hidden\" name=\"_wpcf7\" value=\"572\" \/>\n<input type=\"hidden\" name=\"_wpcf7_version\" value=\"5.4.1\" \/>\n<input type=\"hidden\" name=\"_wpcf7_locale\" value=\"pt_BR\" \/>\n<input type=\"hidden\" name=\"_wpcf7_unit_tag\" value=\"wpcf7-f572-o1\" \/>\n<input type=\"hidden\" name=\"_wpcf7_container_post\" value=\"0\" \/>\n<input type=\"hidden\" name=\"_wpcf7_posted_data_hash\" value=\"\" \/>\n<\/div>\n<style type=\"text\/css\">\ninput {width:800px;}\ntextarea {width:800px;}\n<\/style>\n<p><label> Seu nome<br \/>\n    <span class=\"wpcf7-form-control-wrap your-name\"><input type=\"text\" name=\"your-name\" value=\"\" size=\"40\" class=\"wpcf7-form-control wpcf7-text wpcf7-validates-as-required\" id=\"your-name\" aria-required=\"true\" aria-invalid=\"false\" \/><\/span> <\/label><\/p>\n<p><label> Seu e-mail<br \/>\n    <span class=\"wpcf7-form-control-wrap your-email\"><input type=\"email\" name=\"your-email\" value=\"\" size=\"40\" class=\"wpcf7-form-control wpcf7-text wpcf7-email wpcf7-validates-as-required wpcf7-validates-as-email\" id=\"your-email\" aria-required=\"true\" aria-invalid=\"false\" \/><\/span> <\/label><\/p>\n<p><label> Seu Telefone<br \/>\n    <span class=\"wpcf7-form-control-wrap tel-61\"><input type=\"tel\" name=\"tel-61\" value=\"\" size=\"40\" class=\"wpcf7-form-control wpcf7-text wpcf7-tel wpcf7-validates-as-required wpcf7-validates-as-tel\" id=\"tel-61\" aria-required=\"true\" aria-invalid=\"false\" \/><\/span> <\/label><\/p>\n<p><label> Assunto<br \/>\n    <span class=\"wpcf7-form-control-wrap your-subject\"><input type=\"text\" name=\"your-subject\" value=\"\" size=\"40\" class=\"wpcf7-form-control wpcf7-text wpcf7-validates-as-required\" id=\"your-subject\" aria-required=\"true\" aria-invalid=\"false\" \/><\/span> <\/label><\/p>\n<p><label> Sua mensagem (opcional)<br \/>\n    <span class=\"wpcf7-form-control-wrap your-message\"><textarea name=\"your-message\" cols=\"40\" rows=\"10\" class=\"wpcf7-form-control wpcf7-textarea\" id=\"your-message\" aria-invalid=\"false\"><\/textarea><\/span> <\/label><\/p>\n<p><input type=\"submit\" value=\"Enviar\" class=\"wpcf7-form-control wpcf7-submit\" \/><\/p>\n<div class=\"wpcf7-response-output\" aria-hidden=\"true\"><\/div><\/form><\/div><\/div>\n\t\t\t\t<\/div>\n\t\t\t\t<\/div>\n\t\t\t\t\t<\/div>\n\t\t<\/div>\n\t\t\t\t<div class=\"elementor-column elementor-col-33 elementor-top-column elementor-element elementor-element-ade2675\" data-id=\"ade2675\" data-element_type=\"column\">\n\t\t\t<div class=\"elementor-widget-wrap\">\n\t\t\t\t\t\t\t\t\t<\/div>\n\t\t<\/div>\n\t\t\t\t\t\t\t<\/div>\n\t\t<\/section>\n\t\t\t\t<section class=\"elementor-section elementor-top-section elementor-element elementor-element-6af430f elementor-section-full_width elementor-section-stretched elementor-section-height-default elementor-section-height-default\" data-id=\"6af430f\" data-element_type=\"section\" data-settings=\"{&quot;stretch_section&quot;:&quot;section-stretched&quot;}\">\n\t\t\t\t\t\t<div class=\"elementor-container elementor-column-gap-no\">\n\t\t\t\t\t<div class=\"elementor-column elementor-col-100 elementor-top-column elementor-element elementor-element-284d9fd\" data-id=\"284d9fd\" data-element_type=\"column\">\n\t\t\t<div class=\"elementor-widget-wrap elementor-element-populated\">\n\t\t\t\t\t\t\t\t<div class=\"elementor-element elementor-element-7e632de elementor-invisible elementor-widget elementor-widget-heading\" data-id=\"7e632de\" data-element_type=\"widget\" data-settings=\"{&quot;_animation&quot;:&quot;fadeIn&quot;}\" data-widget_type=\"heading.default\">\n\t\t\t\t<div class=\"elementor-widget-container\">\n\t\t\t<h2 class=\"elementor-heading-title elementor-size-default\">(11) 91339-8289 WhatsApp (11) 94502-9045<span style=\"letter-spacing: 0px; background-color: var(--nv-site-bg);\"><\/span><br><\/h2>\t\t<\/div>\n\t\t\t\t<\/div>\n\t\t\t\t<div class=\"elementor-element elementor-element-5c059a4 elementor-invisible elementor-widget elementor-widget-text-editor\" data-id=\"5c059a4\" data-element_type=\"widget\" data-settings=\"{&quot;_animation&quot;:&quot;fadeIn&quot;}\" data-widget_type=\"text-editor.default\">\n\t\t\t\t<div class=\"elementor-widget-container\">\n\t\t\t\t\t\t\t<p>Rua Campos Sales 639, Sala 07, 2\u00ba Andar &#8211; Vila Pouso Alegre, Barueri.<br \/><strong>E-mail de Contato<\/strong>: contato@suportservrh.com.br<\/p>\t\t\t\t\t\t<\/div>\n\t\t\t\t<\/div>\n\t\t\t\t<div class=\"elementor-element elementor-element-e8e2d19 elementor-shape-rounded elementor-grid-0 e-grid-align-center elementor-invisible elementor-widget elementor-widget-social-icons\" data-id=\"e8e2d19\" data-element_type=\"widget\" data-settings=\"{&quot;_animation&quot;:&quot;fadeIn&quot;}\" data-widget_type=\"social-icons.default\">\n\t\t\t\t<div class=\"elementor-widget-container\">\n\t\t\t\t\t<div class=\"elementor-social-icons-wrapper elementor-grid\">\n\t\t\t\t\t\t\t<span class=\"elementor-grid-item\">\n\t\t\t\t\t<a class=\"elementor-icon elementor-social-icon elementor-social-icon-facebook elementor-repeater-item-673b07a\" href=\"https:\/\/www.facebook.com\/SuportServterceirizacao\/\" target=\"_blank\">\n\t\t\t\t\t\t<span class=\"elementor-screen-only\">Facebook<\/span>\n\t\t\t\t\t\t<i class=\"fab fa-facebook\"><\/i>\t\t\t\t\t<\/a>\n\t\t\t\t<\/span>\n\t\t\t\t\t\t\t<span class=\"elementor-grid-item\">\n\t\t\t\t\t<a class=\"elementor-icon elementor-social-icon elementor-social-icon-instagram elementor-repeater-item-ec8cac6\" href=\"https:\/\/www.instagram.com\/suportservrh\/?utm_medium=copy_link\" target=\"_blank\">\n\t\t\t\t\t\t<span class=\"elementor-screen-only\">Instagram<\/span>\n\t\t\t\t\t\t<i class=\"fab fa-instagram\"><\/i>\t\t\t\t\t<\/a>\n\t\t\t\t<\/span>\n\t\t\t\t\t<\/div>\n\t\t\t\t<\/div>\n\t\t\t\t<\/div>\n\t\t\t\t<div class=\"elementor-element elementor-element-f6c1216 elementor-widget elementor-widget-google_maps\" data-id=\"f6c1216\" data-element_type=\"widget\" data-widget_type=\"google_maps.default\">\n\t\t\t\t<div class=\"elementor-widget-container\">\n\t\t\t\t\t<div class=\"elementor-custom-embed\">\n\t\t\t<iframe frameborder=\"0\" scrolling=\"no\" marginheight=\"0\" marginwidth=\"0\"\n\t\t\t\t\tsrc=\"https:\/\/maps.google.com\/maps?q=Rua%20Campos%20Sales%20639%2C%20Sala%2007%2C%202%C2%BA%20Andar%20-%20Vila%20Pouso%20Alegre%2C%20Barueri.&#038;t=m&#038;z=10&#038;output=embed&#038;iwloc=near\"\n\t\t\t\t\ttitle=\"Rua Campos Sales 639, Sala 07, 2\u00ba Andar - Vila Pouso Alegre, Barueri.\"\n\t\t\t\t\taria-label=\"Rua Campos Sales 639, Sala 07, 2\u00ba Andar - Vila Pouso Alegre, Barueri.\"\n\t\t\t><\/iframe>\n\t\t<\/div>\n\t\t\t\t<\/div>\n\t\t\t\t<\/div>\n\t\t\t\t\t<\/div>\n\t\t<\/div>\n\t\t\t\t\t\t\t<\/div>\n\t\t<\/section>\n\t\t\t\t\t\t\t<\/div>\n\t\t","protected":false},"excerpt":{"rendered":"<p>Se voc\u00ea est\u00e1 em busca de uma oportunidade de trabalho ou precisa contratar com agilidade e qualidade, fale conosco! Atendemos candidatos com aten\u00e7\u00e3o e respeito, e oferecemos \u00e0s empresas solu\u00e7\u00f5es eficientes em Recrutamento e Sele\u00e7\u00e3o. \u00a0 Preencha o formul\u00e1rio ou nos chame pelos canais abaixo.Estamos prontos para ajudar voc\u00ea a alcan\u00e7ar seu objetivo! Entre em&hellip;&nbsp;<a href=\"https:\/\/www.suportservrh.com.br\/?page_id=178\" rel=\"bookmark\">Continue a ler &raquo;<span class=\"screen-reader-text\">Contato<\/span><\/a><\/p>\n","protected":false},"author":1,"featured_media":0,"parent":0,"menu_order":0,"comment_status":"closed","ping_status":"closed","template":"","meta":{"neve_meta_sidebar":"","neve_meta_container":"","neve_meta_enable_content_width":"on","neve_meta_content_width":100,"neve_meta_title_alignment":"","neve_meta_author_avatar":"","neve_post_elements_order":"","neve_meta_disable_header":"","neve_meta_disable_footer":"","neve_meta_disable_title":"on","_ti_tpc_template_sync":false,"_ti_tpc_template_id":"","footnotes":""},"yoast_head":"<!-- This site is optimized with the Yoast SEO plugin v16.3 - https:\/\/yoast.com\/wordpress\/plugins\/seo\/ -->\n<title>Contato - SuportServ Rh<\/title>\n<meta name=\"robots\" content=\"index, follow, max-snippet:-1, max-image-preview:large, max-video-preview:-1\" \/>\n<link rel=\"canonical\" href=\"https:\/\/www.suportservrh.com.br\/?page_id=178\" \/>\n<meta property=\"og:locale\" content=\"pt_BR\" \/>\n<meta property=\"og:type\" content=\"article\" \/>\n<meta property=\"og:title\" content=\"Contato - SuportServ Rh\" \/>\n<meta property=\"og:description\" content=\"Se voc\u00ea est\u00e1 em busca de uma oportunidade de trabalho ou precisa contratar com agilidade e qualidade, fale conosco! Atendemos candidatos com aten\u00e7\u00e3o e respeito, e oferecemos \u00e0s empresas solu\u00e7\u00f5es eficientes em Recrutamento e Sele\u00e7\u00e3o. \u00a0 Preencha o formul\u00e1rio ou nos chame pelos canais abaixo.Estamos prontos para ajudar voc\u00ea a alcan\u00e7ar seu objetivo! Entre em&hellip;&nbsp;Continue a ler &raquo;Contato\" \/>\n<meta property=\"og:url\" content=\"https:\/\/www.suportservrh.com.br\/?page_id=178\" \/>\n<meta property=\"og:site_name\" content=\"SuportServ Rh\" \/>\n<meta property=\"article:modified_time\" content=\"2025-07-06T22:35:03+00:00\" \/>\n<meta name=\"twitter:card\" content=\"summary_large_image\" \/>\n<meta name=\"twitter:label1\" content=\"Est. tempo de leitura\">\n\t<meta name=\"twitter:data1\" content=\"1 minuto\">\n<script type=\"application\/ld+json\" class=\"yoast-schema-graph\">{\"@context\":\"https:\/\/schema.org\",\"@graph\":[{\"@type\":\"Organization\",\"@id\":\"https:\/\/www.suportservrh.com.br\/#organization\",\"name\":\"Suportservrh\",\"url\":\"https:\/\/www.suportservrh.com.br\/\",\"sameAs\":[],\"logo\":{\"@type\":\"ImageObject\",\"@id\":\"https:\/\/www.suportservrh.com.br\/#logo\",\"inLanguage\":\"pt-BR\",\"url\":\"https:\/\/www.suportservrh.com.br\/wp-content\/uploads\/2021\/05\/MARCA.jpg\",\"contentUrl\":\"https:\/\/www.suportservrh.com.br\/wp-content\/uploads\/2021\/05\/MARCA.jpg\",\"width\":226,\"height\":87,\"caption\":\"Suportservrh\"},\"image\":{\"@id\":\"https:\/\/www.suportservrh.com.br\/#logo\"}},{\"@type\":\"WebSite\",\"@id\":\"https:\/\/www.suportservrh.com.br\/#website\",\"url\":\"https:\/\/www.suportservrh.com.br\/\",\"name\":\"SuportServ Rh\",\"description\":\"SuportServ Rh\",\"publisher\":{\"@id\":\"https:\/\/www.suportservrh.com.br\/#organization\"},\"potentialAction\":[{\"@type\":\"SearchAction\",\"target\":\"https:\/\/www.suportservrh.com.br\/?s={search_term_string}\",\"query-input\":\"required name=search_term_string\"}],\"inLanguage\":\"pt-BR\"},{\"@type\":\"WebPage\",\"@id\":\"https:\/\/www.suportservrh.com.br\/?page_id=178#webpage\",\"url\":\"https:\/\/www.suportservrh.com.br\/?page_id=178\",\"name\":\"Contato - SuportServ Rh\",\"isPartOf\":{\"@id\":\"https:\/\/www.suportservrh.com.br\/#website\"},\"datePublished\":\"2021-05-20T12:22:29+00:00\",\"dateModified\":\"2025-07-06T22:35:03+00:00\",\"breadcrumb\":{\"@id\":\"https:\/\/www.suportservrh.com.br\/?page_id=178#breadcrumb\"},\"inLanguage\":\"pt-BR\",\"potentialAction\":[{\"@type\":\"ReadAction\",\"target\":[\"https:\/\/www.suportservrh.com.br\/?page_id=178\"]}]},{\"@type\":\"BreadcrumbList\",\"@id\":\"https:\/\/www.suportservrh.com.br\/?page_id=178#breadcrumb\",\"itemListElement\":[{\"@type\":\"ListItem\",\"position\":1,\"item\":{\"@type\":\"WebPage\",\"@id\":\"https:\/\/www.suportservrh.com.br\/\",\"url\":\"https:\/\/www.suportservrh.com.br\/\",\"name\":\"In\\u00edcio\"}},{\"@type\":\"ListItem\",\"position\":2,\"item\":{\"@id\":\"https:\/\/www.suportservrh.com.br\/?page_id=178#webpage\"}}]}]}<\/script>\n<!-- \/ Yoast SEO plugin. -->","_links":{"self":[{"href":"https:\/\/www.suportservrh.com.br\/index.php?rest_route=\/wp\/v2\/pages\/178"}],"collection":[{"href":"https:\/\/www.suportservrh.com.br\/index.php?rest_route=\/wp\/v2\/pages"}],"about":[{"href":"https:\/\/www.suportservrh.com.br\/index.php?rest_route=\/wp\/v2\/types\/page"}],"author":[{"embeddable":true,"href":"https:\/\/www.suportservrh.com.br\/index.php?rest_route=\/wp\/v2\/users\/1"}],"replies":[{"embeddable":true,"href":"https:\/\/www.suportservrh.com.br\/index.php?rest_route=%2Fwp%2Fv2%2Fcomments&post=178"}],"version-history":[{"count":112,"href":"https:\/\/www.suportservrh.com.br\/index.php?rest_route=\/wp\/v2\/pages\/178\/revisions"}],"predecessor-version":[{"id":1084,"href":"https:\/\/www.suportservrh.com.br\/index.php?rest_route=\/wp\/v2\/pages\/178\/revisions\/1084"}],"wp:attachment":[{"href":"https:\/\/www.suportservrh.com.br\/index.php?rest_route=%2Fwp%2Fv2%2Fmedia&parent=178"}],"curies":[{"name":"wp","href":"https:\/\/api.w.org\/{rel}","templated":true}]}}